{"id":56,"date":"2019-09-17T07:34:39","date_gmt":"2019-09-17T07:34:39","guid":{"rendered":"http:\/\/bayerische-flaggendruckerei.de\/?page_id=56"},"modified":"2019-11-06T16:08:50","modified_gmt":"2019-11-06T16:08:50","slug":"lieferbedingungen","status":"publish","type":"page","link":"https:\/\/bayerische-flaggendruckerei.de\/?page_id=56","title":{"rendered":"AGB"},"content":{"rendered":"\n<p><strong>Allgemeine Gesch\u00e4ftsbedingungen<\/strong><\/p>\n\n\n\n<p><strong>Fahnen Koch Coburger Fahnenfabrik Bayerische Flaggendruckerei <\/strong><\/p>\n\n\n\n<p><strong>Th\u00fcringer Fahnenfabrik GmbH<\/strong><\/p>\n\n\n\n<p>Coburg \n<\/p>\n\n\n\n<p><strong>I.<\/strong><\/p>\n\n\n\n<p><strong>Angebot<\/strong><\/p>\n\n\n\n<p><strong>1.&nbsp;&nbsp;&nbsp;&nbsp;&nbsp;&nbsp;&nbsp;&nbsp;&nbsp;&nbsp;&nbsp;&nbsp;&nbsp;&nbsp;&nbsp;&nbsp;&nbsp; <\/strong>Angebote&nbsp;\n sind,&nbsp; sofern&nbsp; sie&nbsp; nicht&nbsp; ausdr\u00fccklich&nbsp; als&nbsp; verbindlich&nbsp; be\u00adzeichnet&nbsp;\n werden,&nbsp; unverbindlich.&nbsp; Verkaufsberater&nbsp; und&nbsp; Vertreter&nbsp; oben \nbenannten Firma (im folgenden Lieferer genannt) sind nur zur \nEntge\u00adgennahme und Vermittlung, nicht aber zum Abschluss von Vertr\u00e4gen \nbe\u00adrechtigt.&nbsp; Vereinbarungen sind nur dann verbindlich,&nbsp; wenn diese&nbsp; vom\n Lieferer schriftlich best\u00e4tigt wurden. \n<\/p>\n\n\n\n<p><strong>2.&nbsp;&nbsp;&nbsp;&nbsp;&nbsp;&nbsp;&nbsp;&nbsp;&nbsp;&nbsp;&nbsp;&nbsp;&nbsp;&nbsp;&nbsp;&nbsp;&nbsp; <\/strong>An zu einem Angebot \ngeh\u00f6renden Unterlagen wie Abbildungen,&nbsp; Zeich\u00adnungen, Entw\u00fcrfe usw. \nbeh\u00e4lt sich der Lieferer das Eigentums &#8211; und Urheberrecht&nbsp; vor;&nbsp; diese&nbsp; \nUnterlagen&nbsp; d\u00fcrfen&nbsp; Dritten&nbsp; nicht&nbsp; zug\u00e4nglich gemacht werden oder auf \nsonstige Weise missbr\u00e4uchlich verwendet wer\u00adden.&nbsp; Wird&nbsp; der Auftrag \nnicht erteilt,&nbsp; so&nbsp; sind die&nbsp; kundenindividuell erstellten&nbsp; Unterlagen&nbsp; \nunaufgefordert&nbsp; und&nbsp; andere&nbsp; Unterlagen&nbsp; nach Aufforderung \nzur\u00fcckzusenden.\n<\/p>\n\n\n\n<p><strong>3.&nbsp;&nbsp;&nbsp;&nbsp;&nbsp;&nbsp;&nbsp;&nbsp;&nbsp;&nbsp;&nbsp;&nbsp;&nbsp;&nbsp;&nbsp;&nbsp;&nbsp; <\/strong>Angebote haben eine G\u00fcltigkeit von 60 Tagen, es sei denn sie wurden schriftlich auf einen entsprechenden Zeitraum best\u00e4tigt\n<\/p>\n\n\n\n<p><strong>II.<\/strong><\/p>\n\n\n\n<p><strong>Umfang der Lieferung<\/strong><\/p>\n\n\n\n<p>F\u00fcr&nbsp;\n den&nbsp; Umfang &nbsp;der&nbsp; Lieferung&nbsp; ist&nbsp; die&nbsp; schriftliche&nbsp; \nAuftragsbest\u00e4ti\u00adgung des Lieferers ma\u00dfgebend, im Falle eines Angebots \ndes Lieferers mitzeitlicher Bindung und fristgem\u00e4\u00dfer Annahme das \nAngebot,&nbsp; sofern keine&nbsp;&nbsp; rechtzeitige&nbsp; Auftragsbest\u00e4tigung&nbsp; vorliegt.&nbsp;&nbsp; \nNebenabreden&nbsp;&nbsp; und \u00c4nderungen&nbsp; bed\u00fcrfen&nbsp; der&nbsp; schriftlichen&nbsp; \nBest\u00e4tigung&nbsp; des&nbsp; Lieferers. Sowohl dem Angebot als auch der \nAuftragsbest\u00e4tigung des&nbsp; Lieferers liegen&nbsp; noch ausschlie\u00dflich&nbsp; die&nbsp; \nvorliegenden&nbsp; Allgemeinen&nbsp; Gesch\u00e4ftsbedingungen&nbsp; zugrunde,&nbsp; \nentgegenstehende&nbsp; Bedingungen&nbsp; des&nbsp; Bestellers werden nicht anerkannt. \n<\/p>\n\n\n\n<p><strong>III.<\/strong><\/p>\n\n\n\n<p><strong>Preis und Zahlung<\/strong><\/p>\n\n\n\n<ol class=\"wp-block-list\"><li>Die\n Lieferungen erfolgen ab Werk (siehe \u00a7V. Transportrisiko tr\u00e4gt      der \nBesteller) , Verpackung und Fracht tr\u00e4gt&nbsp; der Besteller.&nbsp;      Der&nbsp; \nLieferer&nbsp; ist&nbsp; berechtigt,&nbsp; hierf\u00fcr&nbsp;      Pauschalen&nbsp; zu&nbsp; berechnen.<\/li><li>Rechnungen\n des Lieferers werden acht Tage nach Rechnungsdatum zur      Zahlung \nf\u00e4llig ohne Abzug. Bei unbarer Zahlung gilt die Zahlung mit dem      \nZugang auf dem Bankkonto des Lieferers als geleistet. Bei&nbsp; \nZah\u00adlungsverzug      werden Verzugszinsen in H\u00f6he von Kontokorrentzinsen\n der Gro\u00dfbanken      berechnet.<\/li><li>Zur Aufrechnung oder \nZur\u00fcckbehaltung des Kaufpreises ist der      Besteller nur bei \nunbestrittenen&nbsp;&nbsp; oder rechtskr\u00e4ftig      festgestellten Gegenanspr\u00fcchen \ndes Bestellers berechtigt.<\/li><\/ol>\n\n\n\n<p><strong>IV.<\/strong><\/p>\n\n\n\n<p><strong>Lieferzeit<\/strong><\/p>\n\n\n\n<ol class=\"wp-block-list\"><li>Die\n &nbsp;Lieferfrist&nbsp; beginnt&nbsp; mit&nbsp; der&nbsp;      Absendung&nbsp; der&nbsp; \nAuftragsbest\u00e4tigung, jedoch nicht vor der      Beibringung der vom \nBesteller zu&nbsp; beschaffenden Unterlagen,      Zeichnungen,&nbsp; \nFreigabeerkl\u00e4rung&nbsp; sowie vor&nbsp; Eingang&nbsp;      einer vereinbarten \nAnzahlung.<\/li><li>Der&nbsp; vereinbarte&nbsp; Liefer-&nbsp; oder&nbsp;      \nFertigstellungstermin&nbsp; ist&nbsp; nur&nbsp; dann verbindlich,&nbsp;      wenn&nbsp; der&nbsp; \nLieferer&nbsp; ihn ausdr\u00fccklich&nbsp; als&nbsp;      Festtermin&nbsp; best\u00e4tigt hat.<\/li><li>Wenn\n dem Besteller wegen einer Verz\u00f6gerung die infolge eigenen Ver\u00adschuldens\n      des Lieferers entstanden ist,&nbsp; Schaden erw\u00e4chst, so ist der \nBesteller      unter Ausschluss weiterer&nbsp; Anspr\u00fcche&nbsp; berechtigt, eine \nVer\u00adzugsentsch\u00e4digung      zu fordern. Sie betr\u00e4gt f\u00fcr jede volle Woche \nder Versp\u00e4tung 0,5 %, im      Ganzen aber h\u00f6chstens 5 % vom Werte \ndesjenigen Teils&nbsp; der&nbsp;      Gesamtlieferung,&nbsp; der&nbsp; infolge&nbsp; der&nbsp; \nVersp\u00e4tung&nbsp;      nicht&nbsp; rechtzeitig oder nicht vertragsgem\u00e4\u00df benutzt \nwerden kann.<\/li><li>Wird der Versand auf Wunsch des Bestellers\n verz\u00f6gert, so werden      ihm, beginnend&nbsp; einen&nbsp; Monat&nbsp; nach&nbsp; Anzeige&nbsp; \n     der&nbsp; Versandbereitschaft,&nbsp; die durch die Lagerung entstehenden     \n Kosten bei Lagerung im Werk&nbsp; des Lieferers mindestens jedoch      0,5&nbsp; \n%&nbsp; des Rechnungsbetrages f\u00fcr jeden Monat berechnet.&nbsp;      Der&nbsp; Lieferer&nbsp;\n ist&nbsp; jedoch&nbsp; berechtigt,&nbsp;      nach&nbsp; Setzung und&nbsp; fruchtlosem Verlauf&nbsp; \neiner&nbsp;      angemessenen&nbsp; Frist anderweitig \u00fcber den Liefergegenstand zu\n verf\u00fcgen      und den Besteller mit angemessener verl\u00e4ngerter Frist zu \nbeliefern.<\/li><li>Die&nbsp; Einhaltung&nbsp; der Lieferfrist durch&nbsp; den&nbsp;\n      Lieferer&nbsp; setzt&nbsp; die&nbsp; Erf\u00fcllung der Vertragspflichten des      \nBestellers voraus.<\/li><\/ol>\n\n\n\n<p><strong>V.<\/strong><\/p>\n\n\n\n<p><strong>Gefahr\u00fcbergang und Entgegennahmen<\/strong><\/p>\n\n\n\n<ol class=\"wp-block-list\"><li>Die\n Gefahr geht sp\u00e4testens mit der Absendung der Lieferteile auf      den \nBesteller \u00fcber. Angelieferte Gegenst\u00e4nde sind, auch wenn sie      \nunwesentliche M\u00e4ngel aufweisen, vom Besteller unbeschadet der Rechte    \n  aus&nbsp; Abschnitt&nbsp; VII entgegenzunehmen. Teillieferungen&nbsp;      sind&nbsp; \nzul\u00e4ssig,&nbsp; die&nbsp; jeweils&nbsp; f\u00fcr&nbsp; sich&nbsp;      zu&nbsp; Zahlungsverpflichtungen des\n Bestellers f\u00fchren.<\/li><li>Die Lieferung erfolgt auf eigene \nGefahr des Bestellers ab Werk.      Eine Transportversicherung liegt \nsoweit vor, wie der Trasporteur diese f\u00fcr      die jeweilige Sendung \n\u00fcbernimmt.<\/li><\/ol>\n\n\n\n<p><strong>VI.<\/strong><\/p>\n\n\n\n<p><strong>Eigentumsvorbehalt<\/strong><\/p>\n\n\n\n<ol class=\"wp-block-list\"><li>Der Lieferer beh\u00e4lt sich das Eigentum an dem Liefergegenstand bis      zum Eingang aller Zahlungen aus dem Liefervertrag vor.<\/li><li>Der\n Besteller darf den Liefergegenstand weder verpf\u00e4nden noch zur      \nSicherung \u00fcbereignen. Bei Pf\u00e4ndungen sowie Beschlagnahme oder son\u00adstigen\n      Verf\u00fcgung durch dritte Hand hat er den Lieferer unverz\u00fcglich davon\n zu      benachrichtigen. <\/li><li>Bei vertragswidrigen \nVerhalten des Bestellers insbesondere bei      Zahlungsverzug ist der \nLieferer zur R\u00fccknahme nach Mahnung berech\u00adtigt und      der Besteller \nzur Herausgabe verpflichtet.&nbsp;&nbsp;&nbsp; Die      Geltendmachung des \nEigentumsvorbehalts sowie die Pf\u00e4ndung des      Liefergegenstandes durch\n den Lieferer gelten nicht als R\u00fccktritt vom      Vertrag.<\/li><\/ol>\n\n\n\n<p><strong>VII.<\/strong><\/p>\n\n\n\n<p><strong>Haftung f\u00fcr M\u00e4ngel der Lieferung<\/strong><\/p>\n\n\n\n<ol class=\"wp-block-list\"><li>Bei&nbsp;\n der&nbsp; Herstellung&nbsp; von Artikeln&nbsp;      verpflichtet&nbsp; sich der&nbsp; Lieferer&nbsp; \nzu hoher&nbsp;      Qualit\u00e4tstreue.&nbsp; Der Lieferer muss&nbsp; sich jedoch&nbsp;      \ngeringe&nbsp; Abwei\u00adchungen in der Darstellung der Farbe und in der      \nAbmessung bedingt durch die spezifischen technischen Bedingungen des    \n  Handwerkers vor\u00adbehalten.<\/li><li>Bei gelieferter Kundenware,\n die nicht vom Lieferanten stammen, kann      keine Haftung \u00fcbernommen \nwerden. Der Lieferant ist bem\u00fcht nach besten      Wissen und Gewissen \nden Artikel umzusetzen. <\/li><li>Bei Druckwerkzeugen sind \nToleranzen in den L\u00e4ngen und Breiten bis      zu 10 % und bei Mehr- oder\n Minderlieferungen bis zu 15 % zul\u00e4ssig.<\/li><li>Beanstandungen&nbsp;\n m\u00fcssen&nbsp; sofort,&nbsp; sp\u00e4testens      jedoch&nbsp; innerhalb&nbsp; von&nbsp; acht Tagen \nnach Erhalt der Ware      schriftlich angezeigt&nbsp; werden,&nbsp; ansonsten ist \nder Lieferer von      der M\u00e4ngelhaftung befreit.<\/li><li>Die \nGew\u00e4hrleistung ist ausgeschlossen,&nbsp; wenn an der      gelieferten Ware \ndurch den Besteller \u00c4nderungen vorgenommen wurden oder      die Ware in \nGebrauch genommen worden ist.<\/li><li>Das Recht des Bestellers,\n Anspr\u00fcche aus M\u00e4ngeln geltend zu machen,      verj\u00e4hrt in allen F\u00e4llen \nvom Zeitpunkt der rechtzeitigen R\u00fcge an in sechs      Monaten.<\/li><li>Zur\n M\u00e4ngelbeseitigung hat der Besteller dem Werkunternehmer die      nach \nbilligem&nbsp; Ermessen&nbsp; erforderliche&nbsp; Zeit&nbsp;      und&nbsp; Gelegenheit&nbsp; zu&nbsp; \ngew\u00e4hren. Der&nbsp; Besteller&nbsp;      hat&nbsp; insbesondere&nbsp; den&nbsp; beanstandeten&nbsp;   \n   Gegenstand&nbsp; unver\u00adz\u00fcglich zur Verf\u00fcgung zu stellen. Stellt&nbsp;      \nsich&nbsp; im Rahmen eines Gew\u00e4hrleistungsverlangens des&nbsp; Bestellers      \nheraus, dass der beanstandete Mangel auf eine Ursache zur\u00fcckzuf\u00fchren    \n  ist,&nbsp; die&nbsp; der Werkunternehmer nicht zu vertreten hat,&nbsp;      so&nbsp; wird&nbsp;\n der entstandene und belegte Aufwand dem Kunden in      Rechnung&nbsp; \ngestellt.<\/li><\/ol>\n\n\n\n<p><strong>VIII.<\/strong><\/p>\n\n\n\n<p><strong>Recht des Bestellers auf R\u00fccktritt, Wandlung und sonstige Haftung des Lieferers<\/strong><\/p>\n\n\n\n<ol class=\"wp-block-list\"><li>Der\n Besteller kann vom Vertrag zur\u00fccktreten, wenn dem Lieferer die      \ngesamte Leistung vor Gefahr\u00fcbergang endg\u00fcltig unm\u00f6glich wird.&nbsp;      \nDasselbe gilt bei Unverm\u00f6gen des Lieferers.<\/li><li>Liegt&nbsp; \nLeistungsverzug&nbsp; im&nbsp; Sinne&nbsp; des&nbsp;      Abschnittes&nbsp; 4&nbsp; der&nbsp; \nLieferbedingungen vor und gew\u00e4hrt der      Besteller dem im Verzug&nbsp; \nbefindlichen Lieferer&nbsp; eine&nbsp;      angemessene&nbsp; Nachfrist&nbsp; mit&nbsp; der&nbsp; \nausdr\u00fccklichen&nbsp;      Erkl\u00e4rung, dass er nach Ablauf dieser Frist die \nAbnahme der Leistung      ablehne,&nbsp; und&nbsp; wird diese Nachfrist nicht \neingehalten, so&nbsp;      ist&nbsp; der&nbsp; Be\u00adsteller zum R\u00fccktritt berechtigt.<\/li><li>Tritt\n die Unm\u00f6glichkeit der Leistung w\u00e4hrend eines&nbsp;      Annahmeverzugs oder \ndurch Verschulden des Bestellers ein, so bleibt dieser      zur \nGegenleistung verpflichtet.<\/li><li>Der Besteller hat ferner \nein Recht zur R\u00fcckg\u00e4ngigmachung des Ver\u00adtrages,&nbsp;      wenn der&nbsp; \nLieferer&nbsp; eine&nbsp; ihm gestellte&nbsp;      angemessene&nbsp; Nachfrist f\u00fcr die \nAusbesserung oder Ersatzlieferung bez\u00fcglich      eines von ihm zu \nvertretenen&nbsp; Mangels&nbsp; im&nbsp; Sinne&nbsp; der      Lieferungsbedingungen durch&nbsp; \nsein Verschulden&nbsp; fruchtlos&nbsp;      verstreichen&nbsp; l\u00e4sst.&nbsp; Das&nbsp; Recht&nbsp; des&nbsp;\n Bestellers      auf R\u00fcckg\u00e4ngigmachung des Vertrages besteht auch in \nsonstigen F\u00e4llen      des&nbsp; Fehlschlagens&nbsp; der&nbsp; Ausbesserung&nbsp; oder&nbsp;      \nErsatzlieferung&nbsp; durch&nbsp; den Lieferer.<\/li><li>Ausgeschlossen&nbsp; \nsind&nbsp; alle&nbsp; anderen weitergehenden      Anspr\u00fcche&nbsp; des&nbsp; Be\u00adstellers,&nbsp; \ninsbesondere&nbsp; auf      K\u00fcndigung oder Minderung&nbsp; sowie&nbsp; auf Ersatz von \nSch\u00e4den      irgendwelcher Art und zwar auch von solchen Sch\u00e4\u00adden,&nbsp; die&nbsp;\n      nicht&nbsp; an&nbsp; dem&nbsp; Liefergegenstand&nbsp; selbst&nbsp;      entstanden&nbsp; sind. \nDieser&nbsp; Haftungsausschluss&nbsp; gilt&nbsp;      nicht&nbsp; bei&nbsp; Vorsatz,&nbsp; bei&nbsp; \ngrober&nbsp;      Fahrl\u00e4ssigkeit&nbsp; des&nbsp; Inhabers&nbsp; oder&nbsp; leitender      \nAngestellter sowie bei schuldhafter Verletzung wesentlicher      \nVertragspflichten.<\/li><li>Bei&nbsp;&nbsp; schuldhafter&nbsp;&nbsp; Verletzung&nbsp;&nbsp;   \n   wesentlicher&nbsp;&nbsp; Vertragspflichten&nbsp;&nbsp; haftet der Lieferer      au\u00dfer in \nden F\u00e4llen des Vorsatzes und der&nbsp; groben Fahrl\u00e4ssigkeit des      \nInhabers und leitender Angestellter nur f\u00fcr den vertragstypischen, \nvern\u00fcnftigerweise      vorhersehbaren Schaden.<\/li><\/ol>\n\n\n\n<p><strong>IX.<\/strong><\/p>\n\n\n\n<p><strong>Gerichtsstand<\/strong><\/p>\n\n\n\n<p>Coburg \n<\/p>\n\n\n\n<p>Bei&nbsp; allen&nbsp; sich&nbsp; aus&nbsp; dem&nbsp; Vertragsverh\u00e4ltnis&nbsp; \nergebenen&nbsp; Streitigkeiten ist,&nbsp; wenn&nbsp; der&nbsp; Besteller&nbsp; Vollkaufmann&nbsp; \nist,&nbsp; eine&nbsp; juristische&nbsp; Person des&nbsp; \u00f6ffentlichen&nbsp; Rechts&nbsp; oder&nbsp; ein&nbsp; \n\u00f6ffentlichrechtliches&nbsp; Sonderver\u00adm\u00f6gen vorhanden ist, die Klage bei dem \nGericht zu erheben, das f\u00fcr den&nbsp; Firmensitz&nbsp; des&nbsp; Lieferers&nbsp; zust\u00e4ndig&nbsp; \nist.&nbsp; Der&nbsp; Lieferer&nbsp; ist&nbsp; auch berechtigt, am Hauptsitz des Bestellers \nzu klagen \n<\/p>\n\n\n\n<p>.\n<\/p>\n\n\n\n<p><strong>Fahnen Koch <\/strong><\/p>\n\n\n\n<p>Coburger Fahnenfabrik \n<\/p>\n\n\n\n<p>Bayerische Flaggendruckerei &nbsp; \n<\/p>\n\n\n\n<p><strong>Th\u00fcringer Fahnenfabrik GmbH<\/strong><\/p>\n","protected":false},"excerpt":{"rendered":"<p>Allgemeine Gesch\u00e4ftsbedingungen Fahnen Koch Coburger Fahnenfabrik Bayerische Flaggendruckerei Th\u00fcringer Fahnenfabrik GmbH Coburg I. Angebot 1.&nbsp;&nbsp;&nbsp;&nbsp;&nbsp;&nbsp;&nbsp;&nbsp;&nbsp;&nbsp;&nbsp;&nbsp;&nbsp;&nbsp;&nbsp;&nbsp;&nbsp; Angebote&nbsp; sind,&nbsp; sofern&nbsp; sie&nbsp; nicht&nbsp; ausdr\u00fccklich&nbsp; als&nbsp; verbindlich&nbsp; be\u00adzeichnet&nbsp; werden,&nbsp; unverbindlich.&nbsp; Verkaufsberater&nbsp; und&nbsp; Vertreter&nbsp; oben benannten Firma (im folgenden Lieferer genannt) sind nur zur Entge\u00adgennahme und Vermittlung, nicht aber zum Abschluss von Vertr\u00e4gen be\u00adrechtigt.&nbsp; Vereinbarungen sind nur dann verbindlich,&nbsp; wenn&hellip; <br \/> <a class=\"read-more\" href=\"https:\/\/bayerische-flaggendruckerei.de\/?page_id=56\">Weiterlesen<\/a><\/p>\n","protected":false},"author":1,"featured_media":0,"parent":0,"menu_order":0,"comment_status":"closed","ping_status":"closed","template":"page-templates\/page_fullwidth.php","meta":{"footnotes":""},"class_list":["post-56","page","type-page","status-publish","hentry"],"_links":{"self":[{"href":"https:\/\/bayerische-flaggendruckerei.de\/index.php?rest_route=\/wp\/v2\/pages\/56"}],"collection":[{"href":"https:\/\/bayerische-flaggendruckerei.de\/index.php?rest_route=\/wp\/v2\/pages"}],"about":[{"href":"https:\/\/bayerische-flaggendruckerei.de\/index.php?rest_route=\/wp\/v2\/types\/page"}],"author":[{"embeddable":true,"href":"https:\/\/bayerische-flaggendruckerei.de\/index.php?rest_route=\/wp\/v2\/users\/1"}],"replies":[{"embeddable":true,"href":"https:\/\/bayerische-flaggendruckerei.de\/index.php?rest_route=%2Fwp%2Fv2%2Fcomments&post=56"}],"version-history":[{"count":0,"href":"https:\/\/bayerische-flaggendruckerei.de\/index.php?rest_route=\/wp\/v2\/pages\/56\/revisions"}],"wp:attachment":[{"href":"https:\/\/bayerische-flaggendruckerei.de\/index.php?rest_route=%2Fwp%2Fv2%2Fmedia&parent=56"}],"curies":[{"name":"wp","href":"https:\/\/api.w.org\/{rel}","templated":true}]}}