{"id":27,"date":"2019-09-17T07:13:22","date_gmt":"2019-09-17T07:13:22","guid":{"rendered":"http:\/\/bayerische-flaggendruckerei.de\/?page_id=27"},"modified":"2024-10-22T10:17:27","modified_gmt":"2024-10-22T10:17:27","slug":"zubehoer","status":"publish","type":"page","link":"https:\/\/bayerische-flaggendruckerei.de\/?page_id=27","title":{"rendered":"Zubeh\u00f6r"},"content":{"rendered":"\n<div class=\"wp-block-cover\"><span aria-hidden=\"true\" class=\"wp-block-cover__background has-background-dim\"><\/span><img loading=\"lazy\" decoding=\"async\" width=\"2204\" height=\"3920\" class=\"wp-block-cover__image-background wp-image-337\" alt=\"\" src=\"http:\/\/bayerische-flaggendruckerei.de\/wp-content\/uploads\/2019\/11\/Ringbandsicherung.jpg\" data-object-fit=\"cover\" srcset=\"https:\/\/bayerische-flaggendruckerei.de\/wp-content\/uploads\/2019\/11\/Ringbandsicherung.jpg 2204w, https:\/\/bayerische-flaggendruckerei.de\/wp-content\/uploads\/2019\/11\/Ringbandsicherung-169x300.jpg 169w, https:\/\/bayerische-flaggendruckerei.de\/wp-content\/uploads\/2019\/11\/Ringbandsicherung-768x1366.jpg 768w, https:\/\/bayerische-flaggendruckerei.de\/wp-content\/uploads\/2019\/11\/Ringbandsicherung-576x1024.jpg 576w\" sizes=\"(max-width: 2204px) 100vw, 2204px\" \/><div class=\"wp-block-cover__inner-container is-layout-flow wp-block-cover-is-layout-flow\">\n<p class=\"has-text-align-center has-luminous-vivid-amber-color has-text-color\" style=\"font-size:80px\"><strong>Zubeh\u00f6r<\/strong><\/p>\n<\/div><\/div>\n\n\n<hr>\n<hr>\n\n\n<div class=\"wp-block-media-text alignwide is-stacked-on-mobile has-very-light-gray-background-color has-background\"><figure class=\"wp-block-media-text__media\"><img loading=\"lazy\" decoding=\"async\" width=\"576\" height=\"1024\" src=\"http:\/\/bayerische-flaggendruckerei.de\/wp-content\/uploads\/2019\/11\/Ringbandsicherung-576x1024.jpg\" alt=\"\" class=\"wp-image-337 size-full\" srcset=\"https:\/\/bayerische-flaggendruckerei.de\/wp-content\/uploads\/2019\/11\/Ringbandsicherung-576x1024.jpg 576w, https:\/\/bayerische-flaggendruckerei.de\/wp-content\/uploads\/2019\/11\/Ringbandsicherung-169x300.jpg 169w, https:\/\/bayerische-flaggendruckerei.de\/wp-content\/uploads\/2019\/11\/Ringbandsicherung-768x1366.jpg 768w\" sizes=\"(max-width: 576px) 100vw, 576px\" \/><\/figure><div class=\"wp-block-media-text__content\">\n<p class=\"has-large-font-size\">Ringband Sicherung<\/p>\n\n\n\n<p>Die Ringbandsicherung ist ausschlie\u00fclich f\u00fcr Banner gedacht, damit die Fahnen am Mast bleibt<\/p>\n<\/div><\/div>\n\n\n<div id=\"pl-gb27-69e5a96abdcf9\"  class=\"panel-layout\" ><div id=\"pg-gb27-69e5a96abdcf9-0\"  class=\"panel-grid panel-no-style\" ><div id=\"pgc-gb27-69e5a96abdcf9-0-0\"  class=\"panel-grid-cell\" ><div id=\"panel-gb27-69e5a96abdcf9-0-0-0\" class=\"so-panel widget widget_media_video panel-first-child panel-last-child\" data-index=\"0\" ><h3 class=\"widget-title\">Das Ringband<\/h3><div style=\"width:100%;\" class=\"wp-video\"><!--[if lt IE 9]><script>document.createElement('video');<\/script><![endif]-->\n<video class=\"wp-video-shortcode\" id=\"video-27-1\" preload=\"metadata\" controls=\"controls\"><source type=\"video\/mp4\" src=\"https:\/\/bayerische-flaggendruckerei.de\/wp-content\/uploads\/2019\/11\/MOV_0007.mp4?_=1\" \/><source type=\"video\/mp4\" src=\"http:\/\/bayerische-flaggendruckerei.de\/wp-content\/uploads\/2019\/11\/MOV_0007.mp4?_=1\" \/><a href=\"https:\/\/bayerische-flaggendruckerei.de\/wp-content\/uploads\/2019\/11\/MOV_0007.mp4\">https:\/\/bayerische-flaggendruckerei.de\/wp-content\/uploads\/2019\/11\/MOV_0007.mp4<\/a><\/video><\/div><\/div><\/div><\/div><\/div>\n\n\n<p><\/p>\n\n\n\n<div class=\"wp-block-media-text alignwide has-media-on-the-right is-stacked-on-mobile has-very-light-gray-background-color has-background\"><div class=\"wp-block-media-text__content\">\n<p class=\"has-large-font-size\">So soll das Banner <\/p>\n\n\n\n<p class=\"has-large-font-size\">h\u00e4ngen<\/p>\n<\/div><figure class=\"wp-block-media-text__media\"><img loading=\"lazy\" decoding=\"async\" width=\"576\" height=\"1024\" src=\"http:\/\/bayerische-flaggendruckerei.de\/wp-content\/uploads\/2019\/11\/DSC_0018-576x1024.jpg\" alt=\"\" class=\"wp-image-349 size-full\" srcset=\"https:\/\/bayerische-flaggendruckerei.de\/wp-content\/uploads\/2019\/11\/DSC_0018-576x1024.jpg 576w, https:\/\/bayerische-flaggendruckerei.de\/wp-content\/uploads\/2019\/11\/DSC_0018-169x300.jpg 169w, https:\/\/bayerische-flaggendruckerei.de\/wp-content\/uploads\/2019\/11\/DSC_0018-768x1366.jpg 768w\" sizes=\"(max-width: 576px) 100vw, 576px\" \/><\/figure><\/div>\n\n\n<p>.<\/p>\n<p>.<\/p>\n\n<div id=\"pl-gb27-69e5a96abf54c\"  class=\"panel-layout\" ><div id=\"pg-gb27-69e5a96abf54c-0\"  class=\"panel-grid panel-no-style\" ><div id=\"pgc-gb27-69e5a96abf54c-0-0\"  class=\"panel-grid-cell panel-grid-cell-empty\" ><\/div><div id=\"pgc-gb27-69e5a96abf54c-0-1\"  class=\"panel-grid-cell panel-grid-cell-mobile-last\" ><div id=\"panel-gb27-69e5a96abf54c-0-1-0\" class=\"so-panel widget widget_sow-button panel-first-child panel-last-child\" data-index=\"0\" ><div\n\t\t\t\n\t\t\tclass=\"so-widget-sow-button so-widget-sow-button-flat-7aa248bdf9d3-27\"\n\t\t\t\n\t\t><div class=\"ow-button-base ow-button-align-center\"\n>\n\t\t\t<a\n\t\t\t\t\thref=\"https:\/\/fahnendrucker.de\/\"\n\t\t\t\t\tclass=\"sowb-button ow-icon-placement-left ow-button-hover\" \t>\n\t\t<span>\n\t\t\t<span class=\"sow-icon-fontawesome sow-fab\" data-sow-icon=\"&#xf39a;\"\n\t\tstyle=\"color: #eded00\" \n\t\taria-hidden=\"true\"><\/span>\n\t\t\tMehr Infos\t\t<\/span>\n\t\t\t<\/a>\n\t<\/div>\n<\/div><\/div><\/div><div id=\"pgc-gb27-69e5a96abf54c-0-2\"  class=\"panel-grid-cell panel-grid-cell-empty\" ><\/div><\/div><\/div>\n\n<p>.<\/p>\n<p>.<\/p>\n\n\n<div class=\"wp-block-media-text alignwide is-stacked-on-mobile has-very-light-gray-background-color has-background\"><figure class=\"wp-block-media-text__media\"><img loading=\"lazy\" decoding=\"async\" width=\"1024\" height=\"486\" src=\"http:\/\/bayerische-flaggendruckerei.de\/wp-content\/uploads\/2019\/11\/Zubeh\u00f6r-Druck-1-1024x486.png\" alt=\"\" class=\"wp-image-370 size-full\" srcset=\"https:\/\/bayerische-flaggendruckerei.de\/wp-content\/uploads\/2019\/11\/Zubeh\u00f6r-Druck-1-1024x486.png 1024w, https:\/\/bayerische-flaggendruckerei.de\/wp-content\/uploads\/2019\/11\/Zubeh\u00f6r-Druck-1-300x142.png 300w, https:\/\/bayerische-flaggendruckerei.de\/wp-content\/uploads\/2019\/11\/Zubeh\u00f6r-Druck-1-768x364.png 768w, https:\/\/bayerische-flaggendruckerei.de\/wp-content\/uploads\/2019\/11\/Zubeh\u00f6r-Druck-1.png 1987w\" sizes=\"(max-width: 1024px) 100vw, 1024px\" \/><\/figure><div class=\"wp-block-media-text__content\">\n<p class=\"has-large-font-size\">COFA <\/p>\n\n\n\n<p class=\"has-large-font-size\">Bannerquerstab  <\/p>\n\n\n\n<p class=\"has-vivid-red-color has-text-color has-medium-font-size\">Karabiner am Stab, da durch ist der Querstab abnehmbar und das Banner kann gewaschen werden!<\/p>\n<\/div><\/div>\n\n\n<hr>\n<hr>\n\n\n<p class=\"has-text-align-center has-large-font-size\"><strong>Zubeh\u00f6r f\u00fcr den Fahnenmast<\/strong><\/p>\n\n\n\n<figure class=\"wp-block-gallery has-nested-images columns-default is-cropped wp-block-gallery-1 is-layout-flex wp-block-gallery-is-layout-flex\">\n<figure class=\"wp-block-image\"><img loading=\"lazy\" decoding=\"async\" width=\"1024\" height=\"276\" data-id=\"354\" src=\"http:\/\/bayerische-flaggendruckerei.de\/wp-content\/uploads\/2019\/11\/Zubeh\u00f6r-1-1024x276.png\" alt=\"\" class=\"wp-image-354\" srcset=\"https:\/\/bayerische-flaggendruckerei.de\/wp-content\/uploads\/2019\/11\/Zubeh\u00f6r-1-1024x276.png 1024w, https:\/\/bayerische-flaggendruckerei.de\/wp-content\/uploads\/2019\/11\/Zubeh\u00f6r-1-300x81.png 300w, https:\/\/bayerische-flaggendruckerei.de\/wp-content\/uploads\/2019\/11\/Zubeh\u00f6r-1-768x207.png 768w\" sizes=\"(max-width: 1024px) 100vw, 1024px\" \/><\/figure>\n\n\n\n<figure class=\"wp-block-image\"><img loading=\"lazy\" decoding=\"async\" width=\"1024\" height=\"238\" data-id=\"355\" src=\"http:\/\/bayerische-flaggendruckerei.de\/wp-content\/uploads\/2019\/11\/Zubeh\u00f6r-2-1024x238.png\" alt=\"\" class=\"wp-image-355\" srcset=\"https:\/\/bayerische-flaggendruckerei.de\/wp-content\/uploads\/2019\/11\/Zubeh\u00f6r-2-1024x238.png 1024w, https:\/\/bayerische-flaggendruckerei.de\/wp-content\/uploads\/2019\/11\/Zubeh\u00f6r-2-300x70.png 300w, https:\/\/bayerische-flaggendruckerei.de\/wp-content\/uploads\/2019\/11\/Zubeh\u00f6r-2-768x178.png 768w\" sizes=\"(max-width: 1024px) 100vw, 1024px\" \/><\/figure>\n\n\n\n<figure class=\"wp-block-image\"><img loading=\"lazy\" decoding=\"async\" width=\"1024\" height=\"234\" data-id=\"356\" src=\"http:\/\/bayerische-flaggendruckerei.de\/wp-content\/uploads\/2019\/11\/Zubeh\u00f6r-3-1024x234.png\" alt=\"\" class=\"wp-image-356\" srcset=\"https:\/\/bayerische-flaggendruckerei.de\/wp-content\/uploads\/2019\/11\/Zubeh\u00f6r-3-1024x234.png 1024w, https:\/\/bayerische-flaggendruckerei.de\/wp-content\/uploads\/2019\/11\/Zubeh\u00f6r-3-300x68.png 300w, https:\/\/bayerische-flaggendruckerei.de\/wp-content\/uploads\/2019\/11\/Zubeh\u00f6r-3-768x175.png 768w\" sizes=\"(max-width: 1024px) 100vw, 1024px\" \/><\/figure>\n\n\n\n<figure class=\"wp-block-image\"><img loading=\"lazy\" decoding=\"async\" width=\"1024\" height=\"230\" data-id=\"357\" src=\"http:\/\/bayerische-flaggendruckerei.de\/wp-content\/uploads\/2019\/11\/Zubeh\u00f6r-4-1024x230.png\" alt=\"\" class=\"wp-image-357\" srcset=\"https:\/\/bayerische-flaggendruckerei.de\/wp-content\/uploads\/2019\/11\/Zubeh\u00f6r-4-1024x230.png 1024w, https:\/\/bayerische-flaggendruckerei.de\/wp-content\/uploads\/2019\/11\/Zubeh\u00f6r-4-300x67.png 300w, https:\/\/bayerische-flaggendruckerei.de\/wp-content\/uploads\/2019\/11\/Zubeh\u00f6r-4-768x173.png 768w\" sizes=\"(max-width: 1024px) 100vw, 1024px\" \/><\/figure>\n\n\n\n<figure class=\"wp-block-image\"><img loading=\"lazy\" decoding=\"async\" width=\"1024\" height=\"223\" data-id=\"358\" src=\"http:\/\/bayerische-flaggendruckerei.de\/wp-content\/uploads\/2019\/11\/Zubeh\u00f6r-5-1024x223.png\" alt=\"\" class=\"wp-image-358\" srcset=\"https:\/\/bayerische-flaggendruckerei.de\/wp-content\/uploads\/2019\/11\/Zubeh\u00f6r-5-1024x223.png 1024w, https:\/\/bayerische-flaggendruckerei.de\/wp-content\/uploads\/2019\/11\/Zubeh\u00f6r-5-300x65.png 300w, https:\/\/bayerische-flaggendruckerei.de\/wp-content\/uploads\/2019\/11\/Zubeh\u00f6r-5-768x168.png 768w\" sizes=\"(max-width: 1024px) 100vw, 1024px\" \/><\/figure>\n\n\n\n<figure class=\"wp-block-image\"><img loading=\"lazy\" decoding=\"async\" width=\"1024\" height=\"255\" data-id=\"359\" src=\"http:\/\/bayerische-flaggendruckerei.de\/wp-content\/uploads\/2019\/11\/Zubeh\u00f6r-6-1024x255.png\" alt=\"\" class=\"wp-image-359\" srcset=\"https:\/\/bayerische-flaggendruckerei.de\/wp-content\/uploads\/2019\/11\/Zubeh\u00f6r-6-1024x255.png 1024w, https:\/\/bayerische-flaggendruckerei.de\/wp-content\/uploads\/2019\/11\/Zubeh\u00f6r-6-300x75.png 300w, https:\/\/bayerische-flaggendruckerei.de\/wp-content\/uploads\/2019\/11\/Zubeh\u00f6r-6-768x191.png 768w\" sizes=\"(max-width: 1024px) 100vw, 1024px\" \/><\/figure>\n<\/figure>\n\n\n<hr>\n<hr>\n\n\n<p><\/p>\n\n\n<div\n\t\t\t\n\t\t\tclass=\"so-widget-sow-button so-widget-sow-button-atom-44d2553f0951\"\n\t\t\t\n\t\t><div class=\"ow-button-base ow-button-align-center\"\n>\n\t\t\t<a\n\t\t\t\t\thref=\"http:\/\/bayerische-flaggendruckerei.de\/?page_id=23\"\n\t\t\t\t\tclass=\"sowb-button ow-icon-placement-left ow-button-hover\" \t>\n\t\t<span>\n\t\t\t<span class=\"sow-icon-fontawesome sow-fab\" data-sow-icon=\"&#xf2b4;\"\n\t\tstyle=\"color: #eaf5fa\" \n\t\taria-hidden=\"true\"><\/span>\n\t\t\tFahnenmast Anfragen\t\t<\/span>\n\t\t\t<\/a>\n\t<\/div>\n<\/div>\n\n\n<p><\/p>\n\n\n\n<p><\/p>\n\n\n\n\n\n<p><\/p>\n","protected":false},"excerpt":{"rendered":"<p>Ringband Sicherung Die Ringbandsicherung ist ausschlie\u00fclich f\u00fcr Banner gedacht, damit die Fahnen am Mast bleibt So soll das Banner h\u00e4ngen . . . . COFA Bannerquerstab Karabiner am Stab, da durch ist der Querstab abnehmbar und das Banner kann gewaschen werden! Zubeh\u00f6r f\u00fcr den Fahnenmast<\/p>\n","protected":false},"author":1,"featured_media":0,"parent":0,"menu_order":0,"comment_status":"closed","ping_status":"closed","template":"","meta":{"footnotes":""},"class_list":["post-27","page","type-page","status-publish","hentry"],"_links":{"self":[{"href":"https:\/\/bayerische-flaggendruckerei.de\/index.php?rest_route=\/wp\/v2\/pages\/27"}],"collection":[{"href":"https:\/\/bayerische-flaggendruckerei.de\/index.php?rest_route=\/wp\/v2\/pages"}],"about":[{"href":"https:\/\/bayerische-flaggendruckerei.de\/index.php?rest_route=\/wp\/v2\/types\/page"}],"author":[{"embeddable":true,"href":"https:\/\/bayerische-flaggendruckerei.de\/index.php?rest_route=\/wp\/v2\/users\/1"}],"replies":[{"embeddable":true,"href":"https:\/\/bayerische-flaggendruckerei.de\/index.php?rest_route=%2Fwp%2Fv2%2Fcomments&post=27"}],"version-history":[{"count":3,"href":"https:\/\/bayerische-flaggendruckerei.de\/index.php?rest_route=\/wp\/v2\/pages\/27\/revisions"}],"predecessor-version":[{"id":1043,"href":"https:\/\/bayerische-flaggendruckerei.de\/index.php?rest_route=\/wp\/v2\/pages\/27\/revisions\/1043"}],"wp:attachment":[{"href":"https:\/\/bayerische-flaggendruckerei.de\/index.php?rest_route=%2Fwp%2Fv2%2Fmedia&parent=27"}],"curies":[{"name":"wp","href":"https:\/\/api.w.org\/{rel}","templated":true}]}}