{"id":202,"date":"2019-09-18T07:38:41","date_gmt":"2019-09-18T07:38:41","guid":{"rendered":"http:\/\/bayerische-flaggendruckerei.de\/?page_id=202"},"modified":"2024-08-26T14:30:25","modified_gmt":"2024-08-26T14:30:25","slug":"stoffqualitaet","status":"publish","type":"page","link":"https:\/\/bayerische-flaggendruckerei.de\/?page_id=202","title":{"rendered":"Stoffqualit\u00e4t"},"content":{"rendered":"\n<p><\/p>\n\n\n\n<div class=\"wp-block-cover is-light\"><span aria-hidden=\"true\" class=\"wp-block-cover__background has-background-dim\"><\/span><img loading=\"lazy\" decoding=\"async\" width=\"2240\" height=\"1680\" class=\"wp-block-cover__image-background wp-image-8\" src=\"http:\/\/bayerische-flaggendruckerei.de\/wp-content\/uploads\/2019\/09\/Druck.jpg\" data-object-fit=\"cover\" srcset=\"https:\/\/bayerische-flaggendruckerei.de\/wp-content\/uploads\/2019\/09\/Druck.jpg 2240w, https:\/\/bayerische-flaggendruckerei.de\/wp-content\/uploads\/2019\/09\/Druck-300x225.jpg 300w, https:\/\/bayerische-flaggendruckerei.de\/wp-content\/uploads\/2019\/09\/Druck-768x576.jpg 768w, https:\/\/bayerische-flaggendruckerei.de\/wp-content\/uploads\/2019\/09\/Druck-1024x768.jpg 1024w\" sizes=\"(max-width: 2240px) 100vw, 2240px\" \/><div class=\"wp-block-cover__inner-container is-layout-flow wp-block-cover-is-layout-flow\">\n<p class=\"has-text-align-center has-luminous-vivid-amber-color has-text-color has-large-font-size\">Die Haltbarkeit <\/p>\n\n\n\n<p class=\"has-text-align-center has-luminous-vivid-amber-color has-text-color has-large-font-size\">der Fahne h\u00e4ngt <\/p>\n\n\n\n<p class=\"has-text-align-center has-luminous-vivid-amber-color has-text-color has-large-font-size\">vom Stoff ab<\/p>\n<\/div><\/div>\n\n\n\n<p><\/p>\n\n\n\n<p class=\"has-text-align-left has-vivid-red-color has-text-color has-background has-link-color has-medium-font-size wp-elements-865d4ad79717fa0ab1a497a8a8a8265c\" style=\"background-color:#eaf5fa\"><strong>Fahnenqualit\u00e4t h\u00e4ngt vom Fahnenstoff- und von der Druckqualt\u00e4t ab!<\/strong><\/p>\n\n\n\n<p class=\"has-background\" style=\"background-color:#eaf5fa\">Wir sindauch eine Lieferant der&nbsp;<strong>Deutschen Bundeswehr<\/strong>&nbsp;&#8211; und damit ein Garant f\u00fcr Fahnenqualit\u00e4t.<\/p>\n\n\n\n<p class=\"has-background\" style=\"background-color:#eaf5fa\">Textil &#8211; Diplomingenieure (Carten und Hartmut Koch) und unsere ausgebildetet  Fachleute beraten geren \u00fcber die Drucke auf Fahnenstoffe. Es gibt vom Grund auf nur zwei Stoffstrukturen, einmal die <strong>Wirkware<\/strong> und zum Anderen die <strong>Webware. <\/strong><\/p>\n\n\n\n<div class=\"wp-block-media-text alignwide has-background\" style=\"background-color:#eaf5fa\"><figure class=\"wp-block-media-text__media\"><img loading=\"lazy\" decoding=\"async\" width=\"792\" height=\"490\" src=\"http:\/\/bayerische-flaggendruckerei.de\/wp-content\/uploads\/2019\/09\/Wirkware.jpg\" alt=\"\" class=\"wp-image-206 size-full\" srcset=\"https:\/\/bayerische-flaggendruckerei.de\/wp-content\/uploads\/2019\/09\/Wirkware.jpg 792w, https:\/\/bayerische-flaggendruckerei.de\/wp-content\/uploads\/2019\/09\/Wirkware-300x186.jpg 300w, https:\/\/bayerische-flaggendruckerei.de\/wp-content\/uploads\/2019\/09\/Wirkware-768x475.jpg 768w\" sizes=\"(max-width: 792px) 100vw, 792px\" \/><\/figure><div class=\"wp-block-media-text__content\">\n<p class=\"has-large-font-size\">.<\/p>\n\n\n\n<p class=\"has-vivid-purple-color has-text-color has-link-color has-medium-font-size wp-elements-85d2e2b545e7b678b9118458a36686b7\"><strong>Die Wirkware<\/strong><\/p>\n\n\n\n<p>Die Wirkware ist der meist verkaufte Fahnenstoff, weil er billig und leicht zu bedrucken ist. Wirkware ist die instabilste Stoffstruktur, das sie nur &nbsp;aus einen Polyester Faden besteht und in \u201eSchlingen\u201c die Ware h\u00e4lt. Die Haltbarkeit ist sehr stark abh\u00e4ngig von der Hitze-Fixierung der &nbsp;Ware, weil der Faden endlos gezogen worden ist.<\/p>\n<\/div><\/div>\n\n\n\n<div class=\"wp-block-media-text alignwide has-media-on-the-right has-background\" style=\"background-color:#eaf5fa\"><div class=\"wp-block-media-text__content\">\n<p class=\"has-vivid-green-cyan-color has-text-color has-link-color has-medium-font-size wp-elements-b9ba7e5da998a1d940cf7782dc94de3c\"><strong>Die Webware<\/strong><\/p>\n\n\n\n<p>Die <strong>Webware (Leinenbindung) PESKO 2150 <\/strong>besteht immer aus Kette und Schuss. Diese Webrichtungen k\u00f6nnen aus einem oder auch aus mehreren F\u00e4den bestehen. Die Rei\u00dffestigkeit &nbsp;dieser Webware ist sehr hoch, weil &nbsp;mindestens zwei F\u00e4den bestehen (Kette &amp; Schuss) &nbsp;und der Tatsche das diese F\u00e4den zuerst versponnen Fasern werden bevor sie verwebt werden. <\/p>\n<\/div><figure class=\"wp-block-media-text__media\"><img loading=\"lazy\" decoding=\"async\" width=\"477\" height=\"361\" src=\"http:\/\/bayerische-flaggendruckerei.de\/wp-content\/uploads\/2019\/09\/Leinenbindung.jpg\" alt=\"\" class=\"wp-image-208 size-full\" srcset=\"https:\/\/bayerische-flaggendruckerei.de\/wp-content\/uploads\/2019\/09\/Leinenbindung.jpg 477w, https:\/\/bayerische-flaggendruckerei.de\/wp-content\/uploads\/2019\/09\/Leinenbindung-300x227.jpg 300w\" sizes=\"(max-width: 477px) 100vw, 477px\" \/><\/figure><\/div>\n\n\n\n<div class=\"wp-block-media-text alignwide has-background\" style=\"background-color:#eaf5fa\"><figure class=\"wp-block-media-text__media\"><img loading=\"lazy\" decoding=\"async\" width=\"349\" height=\"264\" src=\"http:\/\/bayerische-flaggendruckerei.de\/wp-content\/uploads\/2019\/09\/K\u00f6perbindung.jpg\" alt=\"\" class=\"wp-image-209 size-full\" srcset=\"https:\/\/bayerische-flaggendruckerei.de\/wp-content\/uploads\/2019\/09\/K\u00f6perbindung.jpg 349w, https:\/\/bayerische-flaggendruckerei.de\/wp-content\/uploads\/2019\/09\/K\u00f6perbindung-300x227.jpg 300w\" sizes=\"(max-width: 349px) 100vw, 349px\" \/><\/figure><div class=\"wp-block-media-text__content\">\n<p class=\"has-luminous-vivid-orange-color has-text-color has-link-color has-medium-font-size wp-elements-c51d6826f615792165369f1158500696\">Die K\u00f6perbindung<\/p>\n\n\n\n<p>ist noch robuster, aber leider kein Durchdruck m\u00f6glich!<\/p>\n<\/div><\/div>\n\n\n<hr \/>\n\n\n<p class=\"has-text-align-center has-luminous-vivid-amber-background-color has-background has-medium-font-size\"><strong>Warum ist Pesko2150, die Webware, f\u00fcr die &#8222;ewige&#8220; Fahnen die Grundlage<\/strong>.<\/p>\n\n\n\n<p class=\"has-text-align-center has-very-light-gray-background-color has-background has-medium-font-size\"><strong>Lesen Sie die wissenschaflichen Beitrag zu diesem Fahnenstoff<\/strong><\/p>\n\n\n<div\n\t\t\t\n\t\t\tclass=\"so-widget-sow-button so-widget-sow-button-atom-cf4a03c3df02\"\n\t\t\t\n\t\t><div class=\"ow-button-base ow-button-align-center\"\n>\n\t\t\t<a\n\t\t\t\t\thref=\"http:\/\/flaggendruckerei.de\/\"\n\t\t\t\t\tclass=\"sowb-button ow-icon-placement-left ow-button-hover\" \t>\n\t\t<span>\n\t\t\t<span class=\"sow-icon-fontawesome sow-fab\" data-sow-icon=\"&#xf39a;\"\n\t\tstyle=\"color: #dd3333\" \n\t\taria-hidden=\"true\"><\/span>\n\t\t\tHier gehts zum PESKO2150. Wichtige Darstellung\t\t<\/span>\n\t\t\t<\/a>\n\t<\/div>\n<\/div>\n\n<hr>\n<hr>\n\n<div\n\t\t\t\n\t\t\tclass=\"so-widget-sow-button so-widget-sow-button-atom-a3baa9eedad5\"\n\t\t\t\n\t\t><div class=\"ow-button-base ow-button-align-center\"\n>\n\t\t\t<a\n\t\t\t\t\thref=\"http:\/\/bayerische-flaggendruckerei.de\/?page_id=19\"\n\t\t\t\t\tclass=\"sowb-button ow-icon-placement-left ow-button-hover\" \t>\n\t\t<span>\n\t\t\t<span class=\"sow-icon-fontawesome sow-fab\" data-sow-icon=\"&#xf39a;\"\n\t\tstyle=\"color: #0031f9\" \n\t\taria-hidden=\"true\"><\/span>\n\t\t\tWeiter zur Fahnenordnung\t\t<\/span>\n\t\t\t<\/a>\n\t<\/div>\n<\/div>\n\n<hr>\n<hr>\n\n\n\n\n<p><\/p>\n","protected":false},"excerpt":{"rendered":"<p>Fahnenqualit\u00e4t h\u00e4ngt vom Fahnenstoff- und von der Druckqualt\u00e4t ab! Wir sindauch eine Lieferant der&nbsp;Deutschen Bundeswehr&nbsp;&#8211; und damit ein Garant f\u00fcr Fahnenqualit\u00e4t. Textil &#8211; Diplomingenieure (Carten und Hartmut Koch) und unsere ausgebildetet Fachleute beraten geren \u00fcber die Drucke auf Fahnenstoffe. Es gibt vom Grund auf nur zwei Stoffstrukturen, einmal die Wirkware und zum Anderen die Webware.&hellip; <br \/> <a class=\"read-more\" href=\"https:\/\/bayerische-flaggendruckerei.de\/?page_id=202\">Weiterlesen<\/a><\/p>\n","protected":false},"author":1,"featured_media":0,"parent":0,"menu_order":0,"comment_status":"closed","ping_status":"closed","template":"","meta":{"footnotes":""},"class_list":["post-202","page","type-page","status-publish","hentry"],"_links":{"self":[{"href":"https:\/\/bayerische-flaggendruckerei.de\/index.php?rest_route=\/wp\/v2\/pages\/202"}],"collection":[{"href":"https:\/\/bayerische-flaggendruckerei.de\/index.php?rest_route=\/wp\/v2\/pages"}],"about":[{"href":"https:\/\/bayerische-flaggendruckerei.de\/index.php?rest_route=\/wp\/v2\/types\/page"}],"author":[{"embeddable":true,"href":"https:\/\/bayerische-flaggendruckerei.de\/index.php?rest_route=\/wp\/v2\/users\/1"}],"replies":[{"embeddable":true,"href":"https:\/\/bayerische-flaggendruckerei.de\/index.php?rest_route=%2Fwp%2Fv2%2Fcomments&post=202"}],"version-history":[{"count":2,"href":"https:\/\/bayerische-flaggendruckerei.de\/index.php?rest_route=\/wp\/v2\/pages\/202\/revisions"}],"predecessor-version":[{"id":1007,"href":"https:\/\/bayerische-flaggendruckerei.de\/index.php?rest_route=\/wp\/v2\/pages\/202\/revisions\/1007"}],"wp:attachment":[{"href":"https:\/\/bayerische-flaggendruckerei.de\/index.php?rest_route=%2Fwp%2Fv2%2Fmedia&parent=202"}],"curies":[{"name":"wp","href":"https:\/\/api.w.org\/{rel}","templated":true}]}}