{"id":19,"date":"2019-09-17T07:11:43","date_gmt":"2019-09-17T07:11:43","guid":{"rendered":"http:\/\/bayerische-flaggendruckerei.de\/?page_id=19"},"modified":"2024-08-26T14:18:32","modified_gmt":"2024-08-26T14:18:32","slug":"outdoor","status":"publish","type":"page","link":"https:\/\/bayerische-flaggendruckerei.de\/?page_id=19","title":{"rendered":"Fahnen Ordung"},"content":{"rendered":"\n<div class=\"wp-block-cover is-light\"><span aria-hidden=\"true\" class=\"wp-block-cover__background has-background-dim\"><\/span><img loading=\"lazy\" decoding=\"async\" width=\"3530\" height=\"2568\" class=\"wp-block-cover__image-background wp-image-121\" alt=\"\" src=\"http:\/\/bayerische-flaggendruckerei.de\/wp-content\/uploads\/2019\/09\/Druckfahnen-gesamt.gif\" data-object-fit=\"cover\"\/><div class=\"wp-block-cover__inner-container is-layout-flow wp-block-cover-is-layout-flow\">\n<p class=\"has-text-align-center has-text-color\" style=\"color:#eaf5fa;font-size:30px\">Fahnen f\u00fcr drau\u00dfen!<\/p>\n<\/div><\/div>\n\n\n\n<p><\/p>\n\n\n\n<p class=\"has-text-align-left has-background has-medium-font-size\" style=\"background-color:#eaf5fa\"><strong>Die Farbfolge bei  Fahnen<\/strong><\/p>\n\n\n\n<p><\/p>\n\n\n\n<figure class=\"wp-block-image alignfull\"><img loading=\"lazy\" decoding=\"async\" width=\"1024\" height=\"340\" src=\"http:\/\/bayerische-flaggendruckerei.de\/wp-content\/uploads\/2019\/09\/Fahnen-Arten--1024x340.png\" alt=\"\" class=\"wp-image-157\" srcset=\"https:\/\/bayerische-flaggendruckerei.de\/wp-content\/uploads\/2019\/09\/Fahnen-Arten--1024x340.png 1024w, https:\/\/bayerische-flaggendruckerei.de\/wp-content\/uploads\/2019\/09\/Fahnen-Arten--300x100.png 300w, https:\/\/bayerische-flaggendruckerei.de\/wp-content\/uploads\/2019\/09\/Fahnen-Arten--768x255.png 768w, https:\/\/bayerische-flaggendruckerei.de\/wp-content\/uploads\/2019\/09\/Fahnen-Arten-.png 2018w\" sizes=\"(max-width: 1024px) 100vw, 1024px\" \/><figcaption class=\"wp-element-caption\">Fahnenarten: Banner, Flagge, H\u00e4ngefahne, Flatterfahne<\/figcaption><\/figure>\n\n\n\n<p class=\"has-text-align-center has-background has-medium-font-size\" style=\"background-color:#eaf5fa\">Die Flatterfahnen kam in dem Ostblock auf und ist die Ableitung vom Banner und <strong>nicht von der Flagge<\/strong>.<\/p>\n\n\n\n<figure class=\"wp-block-image\"><img loading=\"lazy\" decoding=\"async\" width=\"1024\" height=\"482\" src=\"http:\/\/bayerische-flaggendruckerei.de\/wp-content\/uploads\/2019\/09\/Fahnenordnung-1024x482.png\" alt=\"\" class=\"wp-image-159\" srcset=\"https:\/\/bayerische-flaggendruckerei.de\/wp-content\/uploads\/2019\/09\/Fahnenordnung-1024x482.png 1024w, https:\/\/bayerische-flaggendruckerei.de\/wp-content\/uploads\/2019\/09\/Fahnenordnung-300x141.png 300w, https:\/\/bayerische-flaggendruckerei.de\/wp-content\/uploads\/2019\/09\/Fahnenordnung-768x362.png 768w, https:\/\/bayerische-flaggendruckerei.de\/wp-content\/uploads\/2019\/09\/Fahnenordnung.png 1436w\" sizes=\"(max-width: 1024px) 100vw, 1024px\" \/><\/figure>\n\n\n\n<p><\/p>\n\n\n\n<h1 class=\"wp-block-heading has-text-align-center\">Wie wird beflaggt? &#8211; Grundregeln<\/h1>\n\n\n\n<p class=\"has-very-light-gray-background-color has-background\"><\/p>\n\n\n\n<p>\u00dcber die bestehende Fahnenordnung herrscht zum Teil, selbst bei den Beh\u00f6rden, noch eine gewisse Unklarheit, deshalb nachstehend die wichtigsten Bestimmungen im Auszug:<\/p>\n\n\n\n<ol class=\"wp-block-list\">\n<li>Zu flaggen ist an aufrecht stehenden Masten, nur soweit dies nicht m\u00f6glich ist, k\u00f6nnen auch waagerecht- oder schr\u00e4g gestehende Fahnenst\u00f6cke verwendet werden.<\/li>\n\n\n\n<li>Bundes(dienst)flagge geb\u00fchrt, wenn daneben andere zugelassene Flaggen gesetzt werden, die bevorzugte Stelle. Soll nur eine andere Flagge gesetzt werden, so ist die Bundes(dienst)flagge links und die andere rechts zu setzen, von der Stra\u00dfe (Betrachter) aus zu sehen. Sollten mehrere andere Flaggen gesetzt werden, so gilt folgende Reihenfolge:&#8211; Ausl\u00e4ndische Flagge von links nach rechts in alphabetischer Reihenfolge, Europaflagge, Bundes(dienst)flagge, sodann Landes- , Gemeinde- und zum Schluss die Firmenflagge.<\/li>\n\n\n\n<li>Die Gr\u00f6\u00dfe der Flagge muss in einem angemessenen Verh\u00e4ltnis zur Gr\u00f6\u00dfe und H\u00f6he der zu beflaggenden Geb\u00e4ude bzw. zum Fahnenmast stehen. Sind an einem Geb\u00e4ude mehrere Flaggen gesetzt, so sollen diese gleich gro\u00df sein.<\/li>\n\n\n\n<li>Sind die Flaggen am Volkstrauertag oder aus einem anderen Anlass auf Halbmast gesetzt, so geschieht dies derart, dass die Flagge zuerst vorgehisst und anschie\u00dfend auf halbmast gesetzt wird. Soweit Flaggen die nicht auf halbmast gesetzt werden k\u00f6nnen, sowie Banner, Flatter- und H\u00e4ngefahnen sind mit einem\u00a0Trauerflor\u00a0zu versehen, der am oberen Ende unterhalb der Spitze angebracht ist. (<strong>Banner und Flatterfahnen d\u00fcrfen nie auf halbmast gesetzt werden!<\/strong>)<\/li>\n\n\n\n<li>Auf halbmast werden\u00a0<strong>nur\u00a0<\/strong>Flaggen gesetzt, die sich an einem senkrechten Mast befinden. Flaggen an einem schr\u00e4gen oder waagrechten Mast am Haus befestigt sind, m\u00fcssen mit einem Trauerflor versehen werden, der am oberen Ende unterhalb der Spitze angebracht ist.<\/li>\n<\/ol>\n\n\n\n<p class=\"has-very-light-gray-background-color has-background\"><\/p>\n\n\n\n<p class=\"has-text-align-center has-background has-medium-font-size\" style=\"background-color:#eaf5fa\">Wenn Sie mehrere Fahnenmaste vor Ihren Eingang haben, dann gelten auch hier bestimmte Regeln. <\/p>\n\n\n\n<figure class=\"wp-block-image alignfull\"><img loading=\"lazy\" decoding=\"async\" width=\"1024\" height=\"670\" src=\"http:\/\/bayerische-flaggendruckerei.de\/wp-content\/uploads\/2019\/09\/Fahnen-Anordnung-1024x670.png\" alt=\"\" class=\"wp-image-160\" srcset=\"https:\/\/bayerische-flaggendruckerei.de\/wp-content\/uploads\/2019\/09\/Fahnen-Anordnung-1024x670.png 1024w, https:\/\/bayerische-flaggendruckerei.de\/wp-content\/uploads\/2019\/09\/Fahnen-Anordnung-300x196.png 300w, https:\/\/bayerische-flaggendruckerei.de\/wp-content\/uploads\/2019\/09\/Fahnen-Anordnung-768x502.png 768w\" sizes=\"(max-width: 1024px) 100vw, 1024px\" \/><figcaption class=\"wp-element-caption\">Die richtige Reihenfolge von mehreren Flaggen nebeneinander ist sehr wichtig<\/figcaption><\/figure>\n\n\n\n<p class=\"has-text-align-left has-text-color has-background has-medium-font-size\" style=\"color:#0eafea;background-color:#eaf5fa\"><strong>Die Trauerbeflaggung wird sehr oft falsche gemacht ! Nachfolgen zeigen wir Ihnen die RICHTIGE handhabe!<\/strong><\/p>\n\n\n\n<p><\/p>\n\n\n\n<figure class=\"wp-block-image\"><img loading=\"lazy\" decoding=\"async\" width=\"1024\" height=\"636\" src=\"http:\/\/bayerische-flaggendruckerei.de\/wp-content\/uploads\/2019\/09\/Trauerbeflaggung-1024x636.png\" alt=\"\" class=\"wp-image-162\" srcset=\"https:\/\/bayerische-flaggendruckerei.de\/wp-content\/uploads\/2019\/09\/Trauerbeflaggung-1024x636.png 1024w, https:\/\/bayerische-flaggendruckerei.de\/wp-content\/uploads\/2019\/09\/Trauerbeflaggung-300x186.png 300w, https:\/\/bayerische-flaggendruckerei.de\/wp-content\/uploads\/2019\/09\/Trauerbeflaggung-768x477.png 768w\" sizes=\"(max-width: 1024px) 100vw, 1024px\" \/><\/figure>\n\n\n\n<p><\/p>\n\n\n\n<p class=\"has-very-light-gray-background-color has-background\"><\/p>\n\n\n\n<p class=\"has-background\" style=\"background-color:#eaf5fa;font-size:25px\">Wer darf  beflaggen?<\/p>\n\n\n\n<p>Jeder Bundesb\u00fcrger darf die Bundeslandes \u2013 oder Stadtflagge verwenden,&nbsp;<strong>jedoch keine Dienstflaggen<\/strong>.<br>Diese sind ausschlie\u00dflich den Beh\u00f6rden zug\u00e4nglich.<br><\/p>\n\n\n\n<p>Die Bundeslandes \u2013 oder Stadtflagge verwenden,&nbsp;<strong>jedoch keine Dienstflaggen<\/strong>.<br>Diese sind ausschlie\u00dflich den Beh\u00f6rden zug\u00e4nglich.<br><\/p>\n\n\n\n<p>Die Dienstflagge unterscheidet sich zur Bundeslandesfahne damit, dass sie einen Adler in der Mitte der Fahne zeigt. Nat\u00fcrlich gibt es noch andere Dienstflaggen.<br><\/p>\n\n\n\n<p>Sehen sie auch unseren Beitrag unter Rechtliches.<br><\/p>\n\n\n\n<p>Die Bundesflagge repr\u00e4sentiert hohe politische Einheit und ihr geb\u00fchrt ein hohes Ma\u00df an Achtung und Ehrerbietung. Ebenso verh\u00e4lt sich das mit jeder anderen Nationalflagge.<\/p>\n\n\n\n<p>Zeitraum der Beflaggung:<\/p>\n\n\n\n<p>Beim Milit\u00e4r hei\u00dft es bei Sonnenaufgang \u201egehisst\u201c und bei Sonnenuntergang \u201eeingeholt\u201c.<\/p>\n\n\n\n<p><strong>Drapierung<\/strong>:<\/p>\n\n\n\n<p>Es ist strickt verboten die Bundes- oder die Bundesdienstflagge als Beiwerk zum Schm\u00fccken eines Podiums oder zum drapieren des Sprecherpultes zu verwenden. Die Bundes(dienst)flagge wird in diesem Falle hinter dem Sprecher oder rechts hiervon aufgestellt.<\/p>\n\n\n\n<p><strong>Die Bundesfarben<\/strong>&nbsp;sind schwarz \u2013 rot \u2013 gold und d\u00fcrfen nicht im Zusammenhang eines Verbandes oder Vereines oder eines Firmenemblems verwendet werden.<\/p>\n\n\n\n<p class=\"has-very-light-gray-background-color has-background\"><\/p>\n\n\n\n<h1 class=\"wp-block-heading\">Wann werden Flaggen gehisst?<\/h1>\n\n\n\n<p><strong>1.)<\/strong><strong>Neujahrstag 1. Jan.<\/strong><\/p>\n\n\n\n<p><strong>2.)<\/strong><strong>Tag d. Gedenkens a. d. Opfer d. Nationalsozi.&nbsp; 27. Jan.<\/strong><\/p>\n\n\n\n<p><strong>3.)<\/strong><strong>Tag d. Arbeit 1. Mai<\/strong><\/p>\n\n\n\n<p><strong>4.)<\/strong><strong>Verk\u00fcndung d. Grundgesetzes 23. Mai<\/strong><\/p>\n\n\n\n<p><strong>6.)<\/strong><strong>Deut. Widerstandbewegung 20. Juli<\/strong><\/p>\n\n\n\n<p><strong>5.)<\/strong><strong>Aufstand i. d. DDR 17. Juni (alt Tag d. deut. Einheit)<\/strong><\/p>\n\n\n\n<p><strong>7.)<\/strong><strong>Tag d. deut. Einheit 3. Okt.<\/strong><\/p>\n\n\n\n<p><strong>8.)<\/strong><strong>Volkstrauertag (2. Sonntag vor dem 1. Advent)<\/strong><\/p>\n\n\n\n<p><strong>9.)<\/strong><strong>Regionale Anl\u00e4sse, wie Heimattag, Wahlen usw.<\/strong><\/p>\n\n\n\n<p><strong>Besondere Anl\u00e4sse:<\/strong><\/p>\n\n\n\n<blockquote class=\"wp-block-quote is-layout-flow wp-block-quote-is-layout-flow\">\n<p><strong>a.)<\/strong>\u00a0<strong>bei Staatsbesuch von Regierungschefs<\/strong><\/p>\n\n\n\n<p><strong>b.)<\/strong>\u00a0<strong>bei Besuch von ausl\u00e4ndischen Wirtschaftsverb\u00e4nden<\/strong><\/p>\n\n\n\n<p><strong>c.)<\/strong>\u00a0<strong>bei Staats- und Landestrauer, sowie bei \u00f6rtlichen Trauerf\u00e4llen<\/strong><\/p>\n\n\n\n<p><strong>d.)<\/strong>\u00a0<strong>Bei Messen und Ausstellungen<\/strong><\/p>\n\n\n\n<p><strong>e.)<\/strong>\u00a0<strong>Bei kirchlichen Festen<\/strong><\/p>\n\n\n\n<p><strong>f.)<\/strong>\u00a0<strong>Bei \u00f6rtlichen Festen und Jubil\u00e4en<\/strong><\/p>\n\n\n\n<p><strong>g.)<\/strong>\u00a0<strong>Bei internationalen Sportveranstaltungen<\/strong><\/p>\n<\/blockquote>\n\n\n\n<p class=\"has-very-light-gray-background-color has-background\"><\/p>\n\n\n\n<p><\/p>\n\n\n\n<p><\/p>\n\n\n\n<p class=\"has-text-align-left has-pale-pink-background-color has-background\" style=\"font-size:19px\">Die verbotenen Zeichen!<\/p>\n\n\n\n<p><\/p>\n\n\n\n<div class=\"wp-block-media-text alignwide\"><figure class=\"wp-block-media-text__media\"><img loading=\"lazy\" decoding=\"async\" width=\"300\" height=\"762\" src=\"http:\/\/bayerische-flaggendruckerei.de\/wp-content\/uploads\/2019\/09\/459_1_symbole.jpg\" alt=\"\" class=\"wp-image-317 size-full\" srcset=\"https:\/\/bayerische-flaggendruckerei.de\/wp-content\/uploads\/2019\/09\/459_1_symbole.jpg 300w, https:\/\/bayerische-flaggendruckerei.de\/wp-content\/uploads\/2019\/09\/459_1_symbole-118x300.jpg 118w\" sizes=\"(max-width: 300px) 100vw, 300px\" \/><\/figure><div class=\"wp-block-media-text__content\">\n<p class=\"has-medium-font-size\">Auswahl an verbotenen Symbolen<\/p>\n<\/div><\/div>\n\n\n\n<p><\/p>\n\n\n<hr>\n<hr>\n\n<div\n\t\t\t\n\t\t\tclass=\"so-widget-sow-button so-widget-sow-button-atom-9118d6bbf571\"\n\t\t\t\n\t\t><div class=\"ow-button-base ow-button-align-center\"\n>\n\t\t\t<a\n\t\t\t\t\thref=\"http:\/\/bayerische-flaggendruckerei.de\/?page_id=23\"\n\t\t\t\t\tclass=\"sowb-button ow-icon-placement-left ow-button-hover\" \t>\n\t\t<span>\n\t\t\t<span class=\"sow-icon-fontawesome sow-fab\" data-sow-icon=\"&#xf2b4;\"\n\t\tstyle=\"color: #eaf5fa\" \n\t\taria-hidden=\"true\"><\/span>\n\t\t\tFahnen Anfragen\t\t<\/span>\n\t\t\t<\/a>\n\t<\/div>\n<\/div>\n\n<hr \/>\n<hr \/>\n\n<div id=\"pl-gb19-69eb7a541eac8\"  class=\"panel-layout\" ><div id=\"pg-gb19-69eb7a541eac8-0\"  class=\"panel-grid panel-no-style\" ><div id=\"pgc-gb19-69eb7a541eac8-0-0\"  class=\"panel-grid-cell panel-grid-cell-empty\" ><\/div><div id=\"pgc-gb19-69eb7a541eac8-0-1\"  class=\"panel-grid-cell\" ><div id=\"panel-gb19-69eb7a541eac8-0-1-0\" class=\"so-panel widget widget_media_image panel-first-child panel-last-child\" data-index=\"0\" ><img loading=\"lazy\" decoding=\"async\" width=\"100\" height=\"16\" src=\"https:\/\/bayerische-flaggendruckerei.de\/wp-content\/uploads\/2019\/09\/KOCH_gruppe-sauber--300x47.png\" class=\"image wp-image-86  attachment-100x16 size-100x16\" alt=\"\" style=\"max-width: 100%; height: auto;\" srcset=\"https:\/\/bayerische-flaggendruckerei.de\/wp-content\/uploads\/2019\/09\/KOCH_gruppe-sauber--300x47.png 300w, https:\/\/bayerische-flaggendruckerei.de\/wp-content\/uploads\/2019\/09\/KOCH_gruppe-sauber--768x119.png 768w, https:\/\/bayerische-flaggendruckerei.de\/wp-content\/uploads\/2019\/09\/KOCH_gruppe-sauber-.png 900w\" sizes=\"(max-width: 100px) 100vw, 100px\" \/><\/div><\/div><div id=\"pgc-gb19-69eb7a541eac8-0-2\"  class=\"panel-grid-cell\" ><div id=\"panel-gb19-69eb7a541eac8-0-2-0\" class=\"so-panel widget widget_media_image panel-first-child panel-last-child\" data-index=\"1\" ><img loading=\"lazy\" decoding=\"async\" width=\"294\" height=\"117\" src=\"https:\/\/bayerische-flaggendruckerei.de\/wp-content\/uploads\/2019\/09\/cropped-bayerische_flaggen-1.png\" class=\"image wp-image-491  attachment-full size-full\" alt=\"\" style=\"max-width: 100%; height: auto;\" \/><\/div><\/div><\/div><\/div>","protected":false},"excerpt":{"rendered":"<p>Die Farbfolge bei Fahnen Die Flatterfahnen kam in dem Ostblock auf und ist die Ableitung vom Banner und nicht von der Flagge. Wie wird beflaggt? &#8211; Grundregeln \u00dcber die bestehende Fahnenordnung herrscht zum Teil, selbst bei den Beh\u00f6rden, noch eine gewisse Unklarheit, deshalb nachstehend die wichtigsten Bestimmungen im Auszug: Wenn Sie mehrere Fahnenmaste vor Ihren&hellip; <br \/> <a class=\"read-more\" href=\"https:\/\/bayerische-flaggendruckerei.de\/?page_id=19\">Weiterlesen<\/a><\/p>\n","protected":false},"author":1,"featured_media":0,"parent":0,"menu_order":0,"comment_status":"closed","ping_status":"closed","template":"","meta":{"footnotes":""},"class_list":["post-19","page","type-page","status-publish","hentry"],"_links":{"self":[{"href":"https:\/\/bayerische-flaggendruckerei.de\/index.php?rest_route=\/wp\/v2\/pages\/19"}],"collection":[{"href":"https:\/\/bayerische-flaggendruckerei.de\/index.php?rest_route=\/wp\/v2\/pages"}],"about":[{"href":"https:\/\/bayerische-flaggendruckerei.de\/index.php?rest_route=\/wp\/v2\/types\/page"}],"author":[{"embeddable":true,"href":"https:\/\/bayerische-flaggendruckerei.de\/index.php?rest_route=\/wp\/v2\/users\/1"}],"replies":[{"embeddable":true,"href":"https:\/\/bayerische-flaggendruckerei.de\/index.php?rest_route=%2Fwp%2Fv2%2Fcomments&post=19"}],"version-history":[{"count":14,"href":"https:\/\/bayerische-flaggendruckerei.de\/index.php?rest_route=\/wp\/v2\/pages\/19\/revisions"}],"predecessor-version":[{"id":995,"href":"https:\/\/bayerische-flaggendruckerei.de\/index.php?rest_route=\/wp\/v2\/pages\/19\/revisions\/995"}],"wp:attachment":[{"href":"https:\/\/bayerische-flaggendruckerei.de\/index.php?rest_route=%2Fwp%2Fv2%2Fmedia&parent=19"}],"curies":[{"name":"wp","href":"https:\/\/api.w.org\/{rel}","templated":true}]}}