{"id":17,"date":"2019-09-17T07:09:37","date_gmt":"2019-09-17T07:09:37","guid":{"rendered":"http:\/\/bayerische-flaggendruckerei.de\/?page_id=17"},"modified":"2023-08-23T08:59:22","modified_gmt":"2023-08-23T08:59:22","slug":"ueber-uns","status":"publish","type":"page","link":"https:\/\/bayerische-flaggendruckerei.de\/?page_id=17","title":{"rendered":"\u00dcber uns"},"content":{"rendered":"\n<p><\/p>\n\n\n\n<div class=\"wp-block-cover is-light\"><span aria-hidden=\"true\" class=\"wp-block-cover__background has-background-dim\"><\/span><img loading=\"lazy\" decoding=\"async\" width=\"850\" height=\"425\" class=\"wp-block-cover__image-background wp-image-115\" src=\"http:\/\/bayerische-flaggendruckerei.de\/wp-content\/uploads\/2019\/09\/Druck-1.jpg\" data-object-fit=\"cover\" srcset=\"https:\/\/bayerische-flaggendruckerei.de\/wp-content\/uploads\/2019\/09\/Druck-1.jpg 850w, https:\/\/bayerische-flaggendruckerei.de\/wp-content\/uploads\/2019\/09\/Druck-1-300x150.jpg 300w, https:\/\/bayerische-flaggendruckerei.de\/wp-content\/uploads\/2019\/09\/Druck-1-768x384.jpg 768w\" sizes=\"(max-width: 850px) 100vw, 850px\" \/><div class=\"wp-block-cover__inner-container is-layout-flow wp-block-cover-is-layout-flow\">\n<p class=\"has-text-align-center has-text-color\" style=\"color:#eaf5fa;font-size:80px\"><strong>\u00dcber uns<\/strong><\/p>\n<\/div><\/div>\n\n\n\n<p>Schreib etwas oder tippe \/ zur Blockauswahl<\/p>\n\n\n\n<h3 class=\"wp-block-heading\"><a>Die Bayerische Flaggendruckerei stellt sind Ihnen vor<\/a><\/h3>\n\n\n\n<p>Die Druckerei<\/p>\n\n\n\n<p>Digital oder im Siebdruck<\/p>\n\n\n<div class=\"wp-block-image\">\n<figure class=\"aligncenter is-resized\"><img loading=\"lazy\" decoding=\"async\" src=\"http:\/\/bayerische-flaggendruckerei.de\/wp-content\/uploads\/2019\/09\/bayerische_flaggen-1.png\" alt=\"\" class=\"wp-image-98\" width=\"234\" height=\"93\"\/><\/figure><\/div>\n\n\n<p>Die  Bayerische Flaggendruckerei stellt sind Ihnen vor als eine Fachfirma im  Punkto Fahnendruckerei. Die Inhaber dieses Familienunternehmen sind  Diplomingenieure im Textilchemie und verf\u00fcgen ein fundiertes Wissen und  K\u00f6nnen. Auch in der Heraldik und Vexillologie sind sie sehr bewandert. <\/p>\n\n\n\n<p class=\"has-background\" style=\"background-color:#eaf5fa\">\n \t\t\tWir geh\u00f6ren zu der <strong>\u00e4ltesten europ\u00e4ischen Fahnenfabrik <\/strong><br>\n &nbsp;&nbsp;&nbsp;&nbsp;&nbsp;&nbsp;&nbsp;&nbsp;&nbsp;&nbsp;&nbsp;&nbsp;&nbsp;&nbsp;&nbsp;&nbsp; \n\t\t\t&#8211; im Herzen von Deutschland<br><br><br>\n \t\tDie Stoffdruckerei hat sich \n\t\tspezialisiert auf bedruckte Fahnen und beliefert auch die \n\t\tBundeswehr und europ\u00e4ische Staatsbetriebe Fahnen mit der h\u00f6chsten \n\t\tQualit\u00e4tsstufe. Haltbarkeiten bis zu 2 Jahren auf See sie sind die Voraussetzung \n\t\tdaf\u00fcr.\n\t\t<\/p>\n\n\n\n<p class=\"has-background\" style=\"background-color:#eaf5fa\">Das Labor unter der Leitung von Dipl. Ing. (Textil-Chemie) Hartmut \n\t\tUnd Carsten Koch hat das Go-to-Green Verfahren entwickelt und zur Produktionsreife \n\t\tgef\u00fchrt. Es ist damit gelungen, Polyester Fasern, die bei st\u00e4ndiger \n\t\tDauerbelastung vergrauen und die Farben erblassen, zu einem neuen \n\t\tErscheinungsbild erstrahlen zu lassen. Nach der &#8222;Reinigung&#8220; sehen die \n\t\tFahnen wie Neu aus. (Siehe dazu <strong>\n\t\t<a href=\"http:\/\/gotogreen.de\/\">Go-to-Green*<\/a><\/strong>)<br>\n &nbsp;<\/p>\n\n\n\n<p class=\"has-background\" style=\"background-color:#eaf5fa\">Entscheidend f\u00fcr diese &#8222;<strong><a href=\"http:\/\/gotogreen.de\/\">Koch-sche Verfahren*<\/a><\/strong>&#8220; ist das Erreichen einer weiteren  l\u00e4ngeren Nutzung dieser Textilien aus Polyester. Die Produktion zZ eingestellt, wegen geringe Nachfrage!<br> <br>  <strong>1970-1980:<\/strong><br>   Damals mit Magnetbalken ein Meilenstein in der Drucktechnik war Fahnen Koch  einer der ersten. Es entstand so die Firma Bayerische  Flaggendruckerei.<br> <br>  <strong>2010: <\/strong><br>   Heute vereinen wir Tradition mit modernsten Techniken. Wir besitzen eine  der gr\u00f6\u00dften Druckanlagen, neue N\u00e4hmaschinen und perfekte K\u00fcnstler, damit  Ihre Fahne eine der Sch\u00f6nsten wird und dies auch lange so bleibt. <br> <br> &nbsp; Die Firma Bayerische Flaggendruckerei Fahnen Koch Coburg steht f\u00fcr <strong> Qualit\u00e4t und Service<\/strong>.  <\/p>\n\n\n\n<p class=\"has-text-align-center has-large-font-size\"><strong>Die Produktbereiche<\/strong><\/p>\n\n\n\n<div class=\"wp-block-media-text alignwide is-stacked-on-mobile has-very-light-gray-background-color has-background\"><figure class=\"wp-block-media-text__media\"><img loading=\"lazy\" decoding=\"async\" width=\"502\" height=\"687\" src=\"http:\/\/bayerische-flaggendruckerei.de\/wp-content\/uploads\/2019\/09\/FF-Bay-Thue1.jpg\" alt=\"\" class=\"wp-image-80 size-full\" srcset=\"https:\/\/bayerische-flaggendruckerei.de\/wp-content\/uploads\/2019\/09\/FF-Bay-Thue1.jpg 502w, https:\/\/bayerische-flaggendruckerei.de\/wp-content\/uploads\/2019\/09\/FF-Bay-Thue1-219x300.jpg 219w\" sizes=\"(max-width: 502px) 100vw, 502px\" \/><\/figure><div class=\"wp-block-media-text__content\">\n<p class=\"has-large-font-size\">Outdoor &#8211; Fahnen<\/p>\n\n\n\n<p>Fahnen f\u00fcr drau\u00dfen &#8211; Flatterfahnen, Banner, Flaggen oder auch Transparente (Spnnb\u00e4nder)<\/p>\n\n\n\n<p>\nFahnen f\u00fcr h\u00f6chste Festigkeit und Lichtechtheit\n\n<\/p>\n<\/div><\/div>\n\n\n\n<div class=\"wp-block-media-text alignwide has-media-on-the-right is-stacked-on-mobile has-very-light-gray-background-color has-background\"><div class=\"wp-block-media-text__content\">\n<p class=\"has-large-font-size\">Indoor Fahnen<\/p>\n\n\n\n<p>Fahnen in R\u00e4umen oder auf Sporttrib\u00fcnen m\u00fcssen feuerhemmend ausger\u00fcstet sein<\/p>\n<\/div><figure class=\"wp-block-media-text__media\"><img loading=\"lazy\" decoding=\"async\" width=\"768\" height=\"1024\" src=\"http:\/\/bayerische-flaggendruckerei.de\/wp-content\/uploads\/2019\/11\/5-fachSt\u00e4nde-768x1024.jpg\" alt=\"\" class=\"wp-image-367 size-full\" srcset=\"https:\/\/bayerische-flaggendruckerei.de\/wp-content\/uploads\/2019\/11\/5-fachSt\u00e4nde-768x1024.jpg 768w, https:\/\/bayerische-flaggendruckerei.de\/wp-content\/uploads\/2019\/11\/5-fachSt\u00e4nde-225x300.jpg 225w, https:\/\/bayerische-flaggendruckerei.de\/wp-content\/uploads\/2019\/11\/5-fachSt\u00e4nde.jpg 1680w\" sizes=\"(max-width: 768px) 100vw, 768px\" \/><\/figure><\/div>\n\n\n\n<div class=\"wp-block-media-text alignwide is-stacked-on-mobile has-very-light-gray-background-color has-background\"><figure class=\"wp-block-media-text__media\"><img loading=\"lazy\" decoding=\"async\" width=\"1024\" height=\"751\" src=\"http:\/\/bayerische-flaggendruckerei.de\/wp-content\/uploads\/2019\/09\/Fahnenmaste-1-1024x751.gif\" alt=\"\" class=\"wp-image-84 size-full\" srcset=\"https:\/\/bayerische-flaggendruckerei.de\/wp-content\/uploads\/2019\/09\/Fahnenmaste-1-1024x751.gif 1024w, https:\/\/bayerische-flaggendruckerei.de\/wp-content\/uploads\/2019\/09\/Fahnenmaste-1-300x220.gif 300w, https:\/\/bayerische-flaggendruckerei.de\/wp-content\/uploads\/2019\/09\/Fahnenmaste-1-768x563.gif 768w\" sizes=\"(max-width: 1024px) 100vw, 1024px\" \/><\/figure><div class=\"wp-block-media-text__content\">\n<p class=\"has-large-font-size\">Fahnenmast<\/p>\n\n\n\n<p><strong>Fahnenmast<\/strong> ab 6 Meter bis 12 Meter \u00fcber Flur, mit oder ohne Auslegerarm und diebstahlsicher\n\n<\/p>\n<\/div><\/div>\n\n\n<hr>\n<hr>\n\n<div\n\t\t\t\n\t\t\tclass=\"so-widget-sow-button so-widget-sow-button-atom-a3baa9eedad5\"\n\t\t\t\n\t\t><div class=\"ow-button-base ow-button-align-center\"\n>\n\t\t\t<a\n\t\t\t\t\thref=\"http:\/\/bayerische-flaggendruckerei.de\/?page_id=177\"\n\t\t\t\t\tclass=\"sowb-button ow-icon-placement-left ow-button-hover\" \t>\n\t\t<span>\n\t\t\t<span class=\"sow-icon-fontawesome sow-fab\" data-sow-icon=\"&#xf39a;\"\n\t\tstyle=\"color: #0031f9\" \n\t\taria-hidden=\"true\"><\/span>\n\t\t\tWeiter zur Drucktechnik\t\t<\/span>\n\t\t\t<\/a>\n\t<\/div>\n<\/div>\n\n<hr>\n<hr>\n\n\n<p><\/p>\n\n\n\n<p class=\"has-text-align-center has-cyan-bluish-gray-color has-cyan-bluish-gray-background-color has-text-color has-background\">&#8212;&#8212;&#8212;&#8212;&#8212;&#8212;&#8212;&#8212;&#8212;&#8212;&#8212;-<\/p>\n\n\n<hr>\n<hr>\n\n<div\n\t\t\t\n\t\t\tclass=\"so-widget-sow-button so-widget-sow-button-atom-44d2553f0951\"\n\t\t\t\n\t\t><div class=\"ow-button-base ow-button-align-center\"\n>\n\t\t\t<a\n\t\t\t\t\thref=\"http:\/\/bayerische-flaggendruckerei.de?page_id=23\"\n\t\t\t\t\tclass=\"sowb-button ow-icon-placement-left ow-button-hover\" \t>\n\t\t<span>\n\t\t\t<span class=\"sow-icon-fontawesome sow-fab\" data-sow-icon=\"&#xf2b4;\"\n\t\tstyle=\"color: #eaf5fa\" \n\t\taria-hidden=\"true\"><\/span>\n\t\t\tZu den Kontakt M\u00f6glichkeiten\t\t<\/span>\n\t\t\t<\/a>\n\t<\/div>\n<\/div>\n\n<hr>\n<hr>\n\n","protected":false},"excerpt":{"rendered":"<p>Schreib etwas oder tippe \/ zur Blockauswahl Die Bayerische Flaggendruckerei stellt sind Ihnen vor Die Druckerei Digital oder im Siebdruck Die Bayerische Flaggendruckerei stellt sind Ihnen vor als eine Fachfirma im Punkto Fahnendruckerei. Die Inhaber dieses Familienunternehmen sind Diplomingenieure im Textilchemie und verf\u00fcgen ein fundiertes Wissen und K\u00f6nnen. Auch in der Heraldik und Vexillologie sind&hellip; <br \/> <a class=\"read-more\" href=\"https:\/\/bayerische-flaggendruckerei.de\/?page_id=17\">Weiterlesen<\/a><\/p>\n","protected":false},"author":1,"featured_media":0,"parent":0,"menu_order":0,"comment_status":"closed","ping_status":"closed","template":"","meta":{"footnotes":""},"class_list":["post-17","page","type-page","status-publish","hentry"],"_links":{"self":[{"href":"https:\/\/bayerische-flaggendruckerei.de\/index.php?rest_route=\/wp\/v2\/pages\/17"}],"collection":[{"href":"https:\/\/bayerische-flaggendruckerei.de\/index.php?rest_route=\/wp\/v2\/pages"}],"about":[{"href":"https:\/\/bayerische-flaggendruckerei.de\/index.php?rest_route=\/wp\/v2\/types\/page"}],"author":[{"embeddable":true,"href":"https:\/\/bayerische-flaggendruckerei.de\/index.php?rest_route=\/wp\/v2\/users\/1"}],"replies":[{"embeddable":true,"href":"https:\/\/bayerische-flaggendruckerei.de\/index.php?rest_route=%2Fwp%2Fv2%2Fcomments&post=17"}],"version-history":[{"count":1,"href":"https:\/\/bayerische-flaggendruckerei.de\/index.php?rest_route=\/wp\/v2\/pages\/17\/revisions"}],"predecessor-version":[{"id":942,"href":"https:\/\/bayerische-flaggendruckerei.de\/index.php?rest_route=\/wp\/v2\/pages\/17\/revisions\/942"}],"wp:attachment":[{"href":"https:\/\/bayerische-flaggendruckerei.de\/index.php?rest_route=%2Fwp%2Fv2%2Fmedia&parent=17"}],"curies":[{"name":"wp","href":"https:\/\/api.w.org\/{rel}","templated":true}]}}