{"id":119,"date":"2019-09-17T12:46:16","date_gmt":"2019-09-17T12:46:16","guid":{"rendered":"http:\/\/bayerische-flaggendruckerei.de\/?page_id=119"},"modified":"2022-09-07T10:00:53","modified_gmt":"2022-09-07T10:00:53","slug":"produkte","status":"publish","type":"page","link":"http:\/\/bayerische-flaggendruckerei.de\/?page_id=119","title":{"rendered":"Produkte"},"content":{"rendered":"\n<p><\/p>\n\n\n\n<div class=\"wp-block-cover is-light\"><span aria-hidden=\"true\" class=\"wp-block-cover__background has-background-dim\"><\/span><img loading=\"lazy\" decoding=\"async\" width=\"3530\" height=\"2568\" class=\"wp-block-cover__image-background wp-image-121\" src=\"http:\/\/bayerische-flaggendruckerei.de\/wp-content\/uploads\/2019\/09\/Druckfahnen-gesamt.gif\" data-object-fit=\"cover\"\/><div class=\"wp-block-cover__inner-container is-layout-flow wp-block-cover-is-layout-flow\">\n<p class=\"has-text-align-center has-text-color has-large-font-size\" style=\"color:#eaf5fa\">Der Soff, aus dem Ihre Werbung ist!<\/p>\n\n\n\n<p>Farben<\/p>\n<\/div><\/div>\n\n\n\n<p><\/p>\n\n\n\n<p class=\"has-background\" style=\"background-color:#eaf5fa\"> In unserer Stoffdruckerei legen wir Wert auf schnelle, reibungslose  Lieferung mit hoher Qualit\u00e4t zu g\u00fcnstigen Preisen. Denn billig sein  kann jeder, &#8230; Qualit\u00e4t haben nicht!<br><br>   Die Vielfalt unsere Produkte ist fast grenzenlos:<br><br><strong>Werbefahnen<\/strong>: Ob f\u00fcr Ihre <strong> Firma <\/strong>oder Ihrem <strong>Verein <\/strong> oder Ihrem <strong>Event, <\/strong>wir  beliefern namhafte Firmen und Institute mit h\u00f6chster Qualit\u00e4t. <br><br><strong>Aktionsfahnen<\/strong>: <strong> Beachflags<\/strong>, mobile Fahnenmasten sind vorteilhaft in  Stadtgebieten oder bei Messen, bei denen ein station\u00e4rer Fahnenmast  verwendbar ist. <br><br><strong>Transparente<\/strong>: Ob f\u00fcr Messetermine oder  Neuer\u00f6ffnungen ein Transparent \u00fcber Stra\u00dfen oder an Fassaden zieht  viele Blicke an. Transparente lassen sich auch sehr gut als  Sichtschutz verwenden.<br><br> Neben diesen Hauptprodukten stellen wir nat\u00fcrlich auch Ihre <strong> Indoor Ware<\/strong>, wie <strong>Hussen<\/strong>, <strong> Rollups , Raumteiler, Deckenh\u00e4nger,&#8230;.. <\/strong>her nutzen Sie unser Know-How und verwirklichen Sie  Ihre Idee mit uns.                    <\/p>\n\n\n\n<p class=\"has-text-align-center has-background\" style=\"background-color:#eaf5fa\">Weiter Prdukte sind nat\u00fcrlich Fahnenmaste aller Art und unser<strong> <\/strong><a href=\"http:\/\/fahnen-koch.de\/\"><strong>Designer Stickerei die gestickte Vereinsfahne<\/strong><\/a><\/p>\n\n\n\n<p><\/p>\n\n\n<div id=\"pl-gb119-69ef83bdcd3ce\"  class=\"panel-layout\" ><div id=\"pg-gb119-69ef83bdcd3ce-0\"  class=\"panel-grid panel-no-style\" ><div id=\"pgc-gb119-69ef83bdcd3ce-0-0\"  class=\"panel-grid-cell panel-grid-cell-empty\" ><\/div><div id=\"pgc-gb119-69ef83bdcd3ce-0-1\"  class=\"panel-grid-cell\" ><div id=\"panel-gb119-69ef83bdcd3ce-0-1-0\" class=\"so-panel widget widget_media_image panel-first-child panel-last-child\" data-index=\"0\" ><img loading=\"lazy\" decoding=\"async\" width=\"100\" height=\"16\" src=\"http:\/\/bayerische-flaggendruckerei.de\/wp-content\/uploads\/2019\/09\/KOCH_gruppe-sauber--300x47.png\" class=\"image wp-image-86  attachment-100x16 size-100x16\" alt=\"\" style=\"max-width: 100%; height: auto;\" srcset=\"http:\/\/bayerische-flaggendruckerei.de\/wp-content\/uploads\/2019\/09\/KOCH_gruppe-sauber--300x47.png 300w, http:\/\/bayerische-flaggendruckerei.de\/wp-content\/uploads\/2019\/09\/KOCH_gruppe-sauber--768x119.png 768w, http:\/\/bayerische-flaggendruckerei.de\/wp-content\/uploads\/2019\/09\/KOCH_gruppe-sauber-.png 900w\" sizes=\"(max-width: 100px) 100vw, 100px\" \/><\/div><\/div><div id=\"pgc-gb119-69ef83bdcd3ce-0-2\"  class=\"panel-grid-cell\" ><div id=\"panel-gb119-69ef83bdcd3ce-0-2-0\" class=\"so-panel widget widget_media_image panel-first-child panel-last-child\" data-index=\"1\" ><img loading=\"lazy\" decoding=\"async\" width=\"294\" height=\"117\" src=\"http:\/\/bayerische-flaggendruckerei.de\/wp-content\/uploads\/2019\/09\/cropped-bayerische_flaggen-1.png\" class=\"image wp-image-491  attachment-full size-full\" alt=\"\" style=\"max-width: 100%; height: auto;\" \/><\/div><\/div><\/div><\/div>","protected":false},"excerpt":{"rendered":"<p>In unserer Stoffdruckerei legen wir Wert auf schnelle, reibungslose Lieferung mit hoher Qualit\u00e4t zu g\u00fcnstigen Preisen. Denn billig sein kann jeder, &#8230; Qualit\u00e4t haben nicht! Die Vielfalt unsere Produkte ist fast grenzenlos: Werbefahnen: Ob f\u00fcr Ihre Firma oder Ihrem Verein oder Ihrem Event, wir beliefern namhafte Firmen und Institute mit h\u00f6chster Qualit\u00e4t. Aktionsfahnen: Beachflags, mobile&hellip; <br \/> <a class=\"read-more\" href=\"http:\/\/bayerische-flaggendruckerei.de\/?page_id=119\">Weiterlesen<\/a><\/p>\n","protected":false},"author":1,"featured_media":0,"parent":0,"menu_order":0,"comment_status":"closed","ping_status":"closed","template":"page-templates\/page_front-page.php","meta":{"footnotes":""},"class_list":["post-119","page","type-page","status-publish","hentry"],"_links":{"self":[{"href":"http:\/\/bayerische-flaggendruckerei.de\/index.php?rest_route=\/wp\/v2\/pages\/119"}],"collection":[{"href":"http:\/\/bayerische-flaggendruckerei.de\/index.php?rest_route=\/wp\/v2\/pages"}],"about":[{"href":"http:\/\/bayerische-flaggendruckerei.de\/index.php?rest_route=\/wp\/v2\/types\/page"}],"author":[{"embeddable":true,"href":"http:\/\/bayerische-flaggendruckerei.de\/index.php?rest_route=\/wp\/v2\/users\/1"}],"replies":[{"embeddable":true,"href":"http:\/\/bayerische-flaggendruckerei.de\/index.php?rest_route=%2Fwp%2Fv2%2Fcomments&post=119"}],"version-history":[{"count":1,"href":"http:\/\/bayerische-flaggendruckerei.de\/index.php?rest_route=\/wp\/v2\/pages\/119\/revisions"}],"predecessor-version":[{"id":905,"href":"http:\/\/bayerische-flaggendruckerei.de\/index.php?rest_route=\/wp\/v2\/pages\/119\/revisions\/905"}],"wp:attachment":[{"href":"http:\/\/bayerische-flaggendruckerei.de\/index.php?rest_route=%2Fwp%2Fv2%2Fmedia&parent=119"}],"curies":[{"name":"wp","href":"https:\/\/api.w.org\/{rel}","templated":true}]}}